{"id":3087,"date":"2023-11-14T16:06:17","date_gmt":"2023-11-14T15:06:17","guid":{"rendered":"https:\/\/deluxemultiservice.com\/?page_id=3087"},"modified":"2026-02-18T15:39:10","modified_gmt":"2026-02-18T14:39:10","slug":"aviso-legal","status":"publish","type":"page","link":"https:\/\/deluxemultiservice.com\/es\/aviso-legal\/","title":{"rendered":"Aviso Legal"},"content":{"rendered":"<p>[et_pb_section fb_built=\u00bb1&#8243; custom_padding_last_edited=\u00bbon|phone\u00bb _builder_version=\u00bb4.27.5&#8243; _module_preset=\u00bbdefault\u00bb background_color=\u00bbrgba(0,40,69,0.63)\u00bb use_background_color_gradient=\u00bbon\u00bb background_color_gradient_stops=\u00bbrgba(0,40,69,0.15) 0%|#002845 100%\u00bb background_color_gradient_start=\u00bbrgba(0,40,69,0.15)\u00bb background_color_gradient_end=\u00bb#002845&#8243; background_image=\u00bbhttps:\/\/deluxemultiservice.com\/wp-content\/uploads\/deluxe-contaco-2.jpg\u00bb background_blend=\u00bbdarken\u00bb custom_padding=\u00bb149px||149px||true|\u00bb custom_padding_tablet=\u00bb\u00bb custom_padding_phone=\u00bb140px||140px||true|false\u00bb bottom_divider_style=\u00bbramp2&#8243; bottom_divider_color=\u00bb#F2EBE1&#8243; bottom_divider_flip=\u00bbhorizontal\u00bb background_last_edited=\u00bbon|phone\u00bb background_image_phone=\u00bbhttps:\/\/deluxemultiservice.com\/wp-content\/uploads\/kontakt-deluxe-2025.jpg\u00bb background_enable_image_phone=\u00bbon\u00bb background_position_phone=\u00bbcenter_left\u00bb global_colors_info=\u00bb{}\u00bb title_text_phone=\u00bbimg-movil\u00bb][et_pb_row use_custom_gutter=\u00bbon\u00bb _builder_version=\u00bb4.16&#8243; _module_preset=\u00bbdefault\u00bb width=\u00bb100%\u00bb max_width=\u00bb100%\u00bb custom_margin=\u00bb0px|0px|0px|0px|false|false\u00bb global_colors_info=\u00bb{}\u00bb][et_pb_column type=\u00bb4_4&#8243; _builder_version=\u00bb4.16&#8243; _module_preset=\u00bbdefault\u00bb global_colors_info=\u00bb{}\u00bb][et_pb_text _builder_version=\u00bb4.27.5&#8243; _module_preset=\u00bbdefault\u00bb header_font=\u00bbOpen Sans||||||||\u00bb header_text_align=\u00bbcenter\u00bb header_text_color=\u00bb#ffffff\u00bb header_font_size=\u00bb38px\u00bb header_2_text_align=\u00bbcenter\u00bb header_2_text_color=\u00bb#ffffff\u00bb header_2_font_size=\u00bb34px\u00bb width=\u00bb90%\u00bb max_width=\u00bb100%\u00bb module_alignment=\u00bbcenter\u00bb custom_margin=\u00bb||0px||false|false\u00bb header_font_size_tablet=\u00bb38px\u00bb header_font_size_phone=\u00bb28px\u00bb header_font_size_last_edited=\u00bbon|phone\u00bb header_2_font_size_tablet=\u00bb\u00bb header_2_font_size_phone=\u00bb29px\u00bb header_2_font_size_last_edited=\u00bbon|phone\u00bb global_colors_info=\u00bb{}\u00bb]<\/p>\n<h1>Aviso Legal<\/h1>\n<p>[\/et_pb_text][et_pb_text _builder_version=\u00bb4.27.5&#8243; _module_preset=\u00bbdefault\u00bb header_font=\u00bbOpen Sans||||||||\u00bb header_text_align=\u00bbcenter\u00bb header_text_color=\u00bb#ffffff\u00bb header_font_size=\u00bb38px\u00bb header_2_text_align=\u00bbcenter\u00bb header_2_text_color=\u00bb#ffffff\u00bb header_2_font_size=\u00bb25px\u00bb width=\u00bb90%\u00bb max_width=\u00bb100%\u00bb module_alignment=\u00bbcenter\u00bb header_2_font_size_tablet=\u00bb\u00bb header_2_font_size_phone=\u00bb21px\u00bb header_2_font_size_last_edited=\u00bbon|phone\u00bb global_colors_info=\u00bb{}\u00bb]<\/p>\n<h2>Deluxe Multi-Service<\/h2>\n<h2><\/h2>\n<p>[\/et_pb_text][\/et_pb_column][\/et_pb_row][\/et_pb_section][et_pb_section fb_built=\u00bb1&#8243; admin_label=\u00bbsection\u00bb module_id=\u00bbaviso-legal\u00bb module_class=\u00bbimpressum\u00bb _builder_version=\u00bb4.27.5&#8243; background_color=\u00bb#F2EBE1&#8243; custom_padding=\u00bb13px|||||\u00bb global_colors_info=\u00bb{}\u00bb][et_pb_row admin_label=\u00bbrow\u00bb _builder_version=\u00bb4.16&#8243; background_size=\u00bbinitial\u00bb background_position=\u00bbtop_left\u00bb background_repeat=\u00bbrepeat\u00bb custom_padding=\u00bb14px|||||\u00bb global_colors_info=\u00bb{}\u00bb][et_pb_column type=\u00bb4_4&#8243; _builder_version=\u00bb4.16&#8243; custom_padding=\u00bb|||\u00bb global_colors_info=\u00bb{}\u00bb custom_padding__hover=\u00bb|||\u00bb][et_pb_text admin_label=\u00bbText\u00bb _builder_version=\u00bb4.27.5&#8243; background_size=\u00bbinitial\u00bb background_position=\u00bbtop_left\u00bb background_repeat=\u00bbrepeat\u00bb hover_enabled=\u00bb0&#8243; global_colors_info=\u00bb{}\u00bb sticky_enabled=\u00bb0&#8243;]<\/p>\n<ol>\n<li><strong> Responsable de Alemania <\/strong><\/li>\n<\/ol>\n<p><strong>Informaci\u00f3n conforme al art. 5 de la Ley de Servicios Digitales (DDG)<\/strong><\/p>\n<p>Deluxe Multi-Service GmbH<br \/>Meinekestra\u00dfe 27<br \/>10719 Berlin<\/p>\n<p><strong>Registro Mercantil<\/strong><br \/>HRB 280871 B<br \/>Amtsgericht Berlin-Charlottenburg<\/p>\n<p>Director Gerente<br \/>Vuk Grbonosic<\/p>\n<p><strong>Contacto<\/strong><br \/>T: 030\/ 474 88 07 60<br \/>F: 030\/ 474 88 07 99<\/p>\n<p>E-Mail: <span><a href=\"mailto:info@deluxemultiservice.com\">info@deluxemultiservice.com<\/a><\/span><br \/>W: <span><a href=\"http:\/\/www.deluxemultiservice.com\">www.deluxemultiservice.com<\/a><\/span><\/p>\n<p><strong>NIF (Umsatzsteuer-ID)<br \/><\/strong><strong>Identificaci\u00f3n fiscal a efectos del IVA (USt-ID):<\/strong><br \/>DE458618893<\/p>\n<p><strong>**Responsable del contenido seg\u00fan \u00a7 18, apartado 2 MStV** 2 MStV<\/strong><\/p>\n<p>Vuk Grbonosic<br \/>Meinekestra\u00dfe 27<br \/>10719 Berlin<\/p>\n<p><strong><span>Resoluci\u00f3n de litigios en la UE:<\/span><\/strong><br \/>La Comisi\u00f3n Europea ofrece una plataforma para la resoluci\u00f3n de litigios en l\u00ednea (ODR): <a href=\"https:\/\/ec.europa.eu\/consumers\/odr\/\">https:\/\/ec.europa.eu\/consumers\/odr\/<\/a>.<br \/>E-Mail: info@deluxemultiservice.com<\/p>\n<p><strong>Resoluci\u00f3n de litigios con consumidores<\/strong><br \/>No estamos obligados ni dispuestos a participar en procedimientos de resoluci\u00f3n de litigios ante una junta de arbitraje de consumo..<\/p>\n<p><strong><\/strong><\/p>\n<p> <strong>2. Responsable para Mallorca<\/strong><br \/>Informaci\u00f3n seg\u00fan el art\u00edculo 5 de la Ley de Servicios Digitales (DDG)<\/p>\n<p>Deluxe Multi-Service Balearen SL<br \/>Carrer Arxiduc Llu\u00eds Salvador, 129, Local A<br \/>07004 Palma, Illes Balears<br \/>Espa\u00f1a<\/p>\n<p><strong>NIF (Umsatzsteuer-ID)<\/strong><br \/>B70974084<\/p>\n<p>Director Gerente<br \/>Vuk Grbonosic<\/p>\n<p><strong>Contacto<\/strong><br \/>Tel.: +34 628 030 265<br \/>E-Mail: <a href=\"mailto:info@deluxemultiservice.com\">info@deluxemultiservice.com<\/a><br \/>Website: <a href=\"https:\/\/www.deluxemultiservice.com\" target=\"_blank\" rel=\"noopener\">www.deluxemultiservice.com<\/a><\/p>\n<p><strong>Responsable del contenido seg\u00fan \u00a7 18, apartado 2 MStV 2 MStV<\/strong><br \/>Vuk Grbonosic<br \/>Carrer Arxiduc Llu\u00eds Salvador, 129, Local A<br \/>07004 Palma, Illes Balears<br \/>Espa\u00f1a<\/p>\n<p><strong>Plataforma de resoluci\u00f3n de litigios de la UE <\/strong><br \/>La Comisi\u00f3n Europea ofrece una plataforma para la resoluci\u00f3n extrajudicial de litigios en l\u00ednea (plataforma ODR), accesible en: https:\/\/ec.europa.eu\/consumers\/odr\/.<\/p>\n<p><strong>Participaci\u00f3n en procedimientos de resoluci\u00f3n de litigios<\/strong> <br \/>No estamos obligados ni dispuestos a participar en procedimientos de resoluci\u00f3n de litigios ante una junta de arbitraje de consumo.<\/p>\n<p>&nbsp;<\/p>\n<p>[\/et_pb_text][\/et_pb_column][\/et_pb_row][\/et_pb_section]<\/p>\n","protected":false},"excerpt":{"rendered":"<p>Aviso LegalDeluxe Multi-Service Responsable de Alemania Informaci\u00f3n conforme al art. 5 de la Ley de Servicios Digitales (DDG) Deluxe Multi-Service GmbHMeinekestra\u00dfe 2710719 Berlin Registro MercantilHRB 280871 BAmtsgericht Berlin-Charlottenburg Director GerenteVuk Grbonosic ContactoT: 030\/ 474 88 07 60F: 030\/ 474 88 07 99 E-Mail: info@deluxemultiservice.comW: www.deluxemultiservice.com NIF (Umsatzsteuer-ID)Identificaci\u00f3n fiscal a efectos del IVA (USt-ID):DE458618893 **Responsable del [&hellip;]<\/p>\n","protected":false},"author":1,"featured_media":0,"parent":0,"menu_order":0,"comment_status":"closed","ping_status":"open","template":"","meta":{"_et_pb_use_builder":"on","_et_pb_old_content":"","_et_gb_content_width":"","footnotes":""},"class_list":["post-3087","page","type-page","status-publish","hentry"],"_links":{"self":[{"href":"https:\/\/deluxemultiservice.com\/es\/wp-json\/wp\/v2\/pages\/3087","targetHints":{"allow":["GET"]}}],"collection":[{"href":"https:\/\/deluxemultiservice.com\/es\/wp-json\/wp\/v2\/pages"}],"about":[{"href":"https:\/\/deluxemultiservice.com\/es\/wp-json\/wp\/v2\/types\/page"}],"author":[{"embeddable":true,"href":"https:\/\/deluxemultiservice.com\/es\/wp-json\/wp\/v2\/users\/1"}],"replies":[{"embeddable":true,"href":"https:\/\/deluxemultiservice.com\/es\/wp-json\/wp\/v2\/comments?post=3087"}],"version-history":[{"count":15,"href":"https:\/\/deluxemultiservice.com\/es\/wp-json\/wp\/v2\/pages\/3087\/revisions"}],"predecessor-version":[{"id":4526,"href":"https:\/\/deluxemultiservice.com\/es\/wp-json\/wp\/v2\/pages\/3087\/revisions\/4526"}],"wp:attachment":[{"href":"https:\/\/deluxemultiservice.com\/es\/wp-json\/wp\/v2\/media?parent=3087"}],"curies":[{"name":"wp","href":"https:\/\/api.w.org\/{rel}","templated":true}]}}